{"id":2,"date":"2015-08-04T12:26:51","date_gmt":"2015-08-04T12:26:51","guid":{"rendered":"http:\/\/wp424m.a10-52-158-154.qa.plesk.ru\/wordpress\/?page_id=2"},"modified":"2025-06-26T09:09:23","modified_gmt":"2025-06-26T09:09:23","slug":"eksempelside","status":"publish","type":"page","link":"https:\/\/www.lingotop.com\/nb\/","title":{"rendered":"L\u00e6r et nytt spr\u00e5k"},"content":{"rendered":"<p>Lingotop.com er et nettsted for spr\u00e5koppl\u00e6ring med hovedfokus p\u00e5 europeiske spr\u00e5k.<\/p>\n<p>Vi tilbyr gratis undervisningsartikler p\u00e5 f\u00f8lgende spr\u00e5k:<\/p>\n<div class=\"rgs_section rgs_group rgs-section\">\n<div class=\"rgs_col span_4_of_12\">\n<ul>\n<li><a href=\"https:\/\/www.lingotop.com\/nb\/\">engelsk<\/a><\/li>\n<li><a href=\"https:\/\/www.lingotop.com\/da\/\">Dansk<\/a><\/li>\n<li><a href=\"https:\/\/www.lingotop.com\/sv\/\">Svensk<\/a><\/li>\n<li><a href=\"https:\/\/www.lingotop.com\/nb\/\">Norsk<\/a><\/li>\n<\/ul>\n<\/div>\n<div class=\"rgs_col span_4_of_12\">\n<ul>\n<li><a href=\"https:\/\/www.lingotop.com\/fi\/\">Finsk<\/a><\/li>\n<li><a href=\"https:\/\/www.lingotop.com\/de\/\">Tysk<\/a><\/li>\n<li><a href=\"https:\/\/www.lingotop.com\/fr\/\">Fransk<\/a><\/li>\n<li><a href=\"https:\/\/www.lingotop.com\/nl\/\">Nederlandsk<\/a><\/li>\n<\/ul>\n<\/div>\n<div class=\"rgs_col span_4_of_12\">\n<ul>\n<li><a href=\"https:\/\/www.lingotop.com\/es\/\">Spansk<\/a><\/li>\n<li><a href=\"https:\/\/www.lingotop.com\/it\/\">Italiensk<\/a><\/li>\n<li><a href=\"https:\/\/www.lingotop.com\/pt\/\">Portugisisk (PT)<\/a><\/li>\n<li><a href=\"https:\/\/www.lingotop.com\/pt_br\/\">Portugisisk (BR)<\/a><\/li>\n<\/ul>\n<\/div>\n<\/div>\n<p>Vi har mange artikler om grammatikk og ordforr\u00e5d, men vi gir ogs\u00e5 anmeldelser av ulike spr\u00e5kl\u00e6ringsapper og -teknikker.<\/p>\n<p>Redaksjonen v\u00e5r best\u00e5r av et lite, men dedikert team av spr\u00e5kentusiaster. <a href=\"https:\/\/www.lingotop.com\/nb\/om-oss\/\">Du kan lese mer om oss her<\/a>.<\/p>\n<p>Hvis du har sp\u00f8rsm\u00e5l eller henvendelser om nettstedet v\u00e5rt, vennligst <a href=\"https:\/\/www.lingotop.com\/nb\/kontakt\/\">kontakt oss her<\/a>.<\/p>\n<p><img decoding=\"async\" class=\"aligncenter wp-image-2860 size-large\" src=\"https:\/\/www.lingotop.com\/wp-content\/uploads\/2024\/06\/language-learning-1024x1024.jpg\" alt=\"Spr\u00e5koppl\u00e6ring for alle\" width=\"1024\" height=\"1024\" srcset=\"https:\/\/www.lingotop.com\/wp-content\/uploads\/2024\/06\/language-learning-1024x1024.jpg 1024w, https:\/\/www.lingotop.com\/wp-content\/uploads\/2024\/06\/language-learning-300x300.jpg 300w, https:\/\/www.lingotop.com\/wp-content\/uploads\/2024\/06\/language-learning-150x150.jpg 150w, https:\/\/www.lingotop.com\/wp-content\/uploads\/2024\/06\/language-learning-768x768.jpg 768w, https:\/\/www.lingotop.com\/wp-content\/uploads\/2024\/06\/language-learning-12x12.jpg 12w, https:\/\/www.lingotop.com\/wp-content\/uploads\/2024\/06\/language-learning-45x45.jpg 45w, https:\/\/www.lingotop.com\/wp-content\/uploads\/2024\/06\/language-learning.jpg 1200w\" sizes=\"(max-width: 1024px) 100vw, 1024px\" \/><\/p>\n<h2>Opphavsrett<\/h2>\n<div>Alt innholdet v\u00e5rt er gratis, men ogs\u00e5 beskyttet av opphavsrett. Hvis du \u00f8nsker \u00e5 bruke innholdet v\u00e5rt til offentlige form\u00e5l - for eksempel undervisning - m\u00e5 du innhente skriftlig tillatelse fra oss. Du kan <a href=\"https:\/\/www.lingotop.com\/nb\/kontakt\/\">kontakt om disse sakene her<\/a>.<\/div>\n<div>\u00a0<\/div>","protected":false},"excerpt":{"rendered":"<p>Lingotop.com er et nettsted for spr\u00e5koppl\u00e6ring med hovedfokus p\u00e5 europeiske spr\u00e5k. Vi tilbyr gratis pedagogiske artikler p\u00e5 f\u00f8lgende spr\u00e5k: Vi har mange artikler om grammatikk og ordforr\u00e5d, men vi gir ogs\u00e5 anmeldelser av ulike spr\u00e5kl\u00e6ringsapper og -teknikker. Redaksjonen v\u00e5r best\u00e5r av et lite, men dedikert team av spr\u00e5kentusiaster. Du ... <a title=\"L\u00e6r et nytt spr\u00e5k\" class=\"read-more\" href=\"https:\/\/www.lingotop.com\/nb\/\" aria-label=\"Les mer om L\u00e6r et nytt spr\u00e5k\">Les mer<\/a><\/p>","protected":false},"author":1,"featured_media":0,"parent":0,"menu_order":0,"comment_status":"closed","ping_status":"closed","template":"","meta":{"_acf_changed":false,"footnotes":""},"class_list":["post-2","page","type-page","status-publish"],"acf":[],"yoast_head":"<!-- This site is optimized with the Yoast SEO plugin v27.3 - https:\/\/yoast.com\/product\/yoast-seo-wordpress\/ -->\n<title>Learn a new language on lingotop.com - Grammar, exercises etc.<\/title>\n<meta name=\"description\" content=\"You can currently learn 10 new languages on lingotop.com. Our vision is to become the leading website in language learning.\" \/>\n<meta name=\"robots\" content=\"index, follow, max-snippet:-1, max-image-preview:large, max-video-preview:-1\" \/>\n<link rel=\"canonical\" href=\"https:\/\/www.lingotop.com\/nb\/\" \/>\n<meta property=\"og:locale\" content=\"nb_NO\" \/>\n<meta property=\"og:type\" content=\"article\" \/>\n<meta property=\"og:title\" content=\"Learn a new language on lingotop.com - Grammar, exercises etc.\" \/>\n<meta property=\"og:description\" content=\"You can currently learn 10 new languages on lingotop.com. Our vision is to become the leading website in language learning.\" \/>\n<meta property=\"og:url\" content=\"https:\/\/www.lingotop.com\/nb\/\" \/>\n<meta property=\"og:site_name\" content=\"Lingotop\" \/>\n<meta property=\"article:modified_time\" content=\"2025-06-26T09:09:23+00:00\" \/>\n<meta property=\"og:image\" content=\"https:\/\/www.lingotop.com\/wp-content\/uploads\/2024\/06\/language-learning.jpg?wsr\" \/>\n\t<meta property=\"og:image:width\" content=\"1200\" \/>\n\t<meta property=\"og:image:height\" content=\"1200\" \/>\n\t<meta property=\"og:image:type\" content=\"image\/jpeg\" \/>\n<meta name=\"twitter:card\" content=\"summary_large_image\" \/>\n<meta name=\"twitter:label1\" content=\"Ansl. lesetid\" \/>\n\t<meta name=\"twitter:data1\" content=\"1 minutt\" \/>\n<script type=\"application\/ld+json\" class=\"yoast-schema-graph\">{\"@context\":\"https:\\\/\\\/schema.org\",\"@graph\":[{\"@type\":\"WebPage\",\"@id\":\"https:\\\/\\\/www.lingotop.com\\\/\",\"url\":\"https:\\\/\\\/www.lingotop.com\\\/\",\"name\":\"Learn a new language on lingotop.com - Grammar, exercises etc.\",\"isPartOf\":{\"@id\":\"https:\\\/\\\/www.lingotop.com\\\/en\\\/#website\"},\"primaryImageOfPage\":{\"@id\":\"https:\\\/\\\/www.lingotop.com\\\/#primaryimage\"},\"image\":{\"@id\":\"https:\\\/\\\/www.lingotop.com\\\/#primaryimage\"},\"thumbnailUrl\":\"https:\\\/\\\/www.lingotop.com\\\/wp-content\\\/uploads\\\/2024\\\/06\\\/language-learning-1024x1024.jpg\",\"datePublished\":\"2015-08-04T12:26:51+00:00\",\"dateModified\":\"2025-06-26T09:09:23+00:00\",\"description\":\"You can currently learn 10 new languages on lingotop.com. Our vision is to become the leading website in language learning.\",\"breadcrumb\":{\"@id\":\"https:\\\/\\\/www.lingotop.com\\\/#breadcrumb\"},\"inLanguage\":\"nb-NO\",\"potentialAction\":[{\"@type\":\"ReadAction\",\"target\":[\"https:\\\/\\\/www.lingotop.com\\\/\"]}]},{\"@type\":\"ImageObject\",\"inLanguage\":\"nb-NO\",\"@id\":\"https:\\\/\\\/www.lingotop.com\\\/#primaryimage\",\"url\":\"https:\\\/\\\/www.lingotop.com\\\/wp-content\\\/uploads\\\/2024\\\/06\\\/language-learning-1024x1024.jpg\",\"contentUrl\":\"https:\\\/\\\/www.lingotop.com\\\/wp-content\\\/uploads\\\/2024\\\/06\\\/language-learning-1024x1024.jpg\"},{\"@type\":\"BreadcrumbList\",\"@id\":\"https:\\\/\\\/www.lingotop.com\\\/#breadcrumb\",\"itemListElement\":[{\"@type\":\"ListItem\",\"position\":1,\"name\":\"Home\",\"item\":\"https:\\\/\\\/www.lingotop.com\\\/\"},{\"@type\":\"ListItem\",\"position\":2,\"name\":\"Learn a new language\"}]},{\"@type\":\"WebSite\",\"@id\":\"https:\\\/\\\/www.lingotop.com\\\/en\\\/#website\",\"url\":\"https:\\\/\\\/www.lingotop.com\\\/en\\\/\",\"name\":\"Lingotop\",\"description\":\"Learn languages online\",\"publisher\":{\"@id\":\"https:\\\/\\\/www.lingotop.com\\\/en\\\/#organization\"},\"potentialAction\":[{\"@type\":\"SearchAction\",\"target\":{\"@type\":\"EntryPoint\",\"urlTemplate\":\"https:\\\/\\\/www.lingotop.com\\\/en\\\/?s={search_term_string}\"},\"query-input\":{\"@type\":\"PropertyValueSpecification\",\"valueRequired\":true,\"valueName\":\"search_term_string\"}}],\"inLanguage\":\"nb-NO\"},{\"@type\":\"Organization\",\"@id\":\"https:\\\/\\\/www.lingotop.com\\\/en\\\/#organization\",\"name\":\"Lingotop\",\"url\":\"https:\\\/\\\/www.lingotop.com\\\/en\\\/\",\"logo\":{\"@type\":\"ImageObject\",\"inLanguage\":\"nb-NO\",\"@id\":\"https:\\\/\\\/www.lingotop.com\\\/en\\\/#\\\/schema\\\/logo\\\/image\\\/\",\"url\":\"https:\\\/\\\/www.lingotop.com\\\/wp-content\\\/uploads\\\/2024\\\/03\\\/lingotop-logo-new.png?wsr\",\"contentUrl\":\"https:\\\/\\\/www.lingotop.com\\\/wp-content\\\/uploads\\\/2024\\\/03\\\/lingotop-logo-new.png?wsr\",\"width\":989,\"height\":222,\"caption\":\"Lingotop\"},\"image\":{\"@id\":\"https:\\\/\\\/www.lingotop.com\\\/en\\\/#\\\/schema\\\/logo\\\/image\\\/\"}}]}<\/script>\n<!-- \/ Yoast SEO plugin. -->","yoast_head_json":{"title":"L\u00e6r et nytt spr\u00e5k p\u00e5 lingotop.com - Grammatikk, \u00f8velser osv.","description":"For \u00f8yeblikket kan du l\u00e6re 10 nye spr\u00e5k p\u00e5 lingotop.com. V\u00e5r visjon er \u00e5 bli det ledende nettstedet for spr\u00e5koppl\u00e6ring.","robots":{"index":"index","follow":"follow","max-snippet":"max-snippet:-1","max-image-preview":"max-image-preview:large","max-video-preview":"max-video-preview:-1"},"canonical":"https:\/\/www.lingotop.com\/nb\/","og_locale":"nb_NO","og_type":"article","og_title":"Learn a new language on lingotop.com - Grammar, exercises etc.","og_description":"You can currently learn 10 new languages on lingotop.com. Our vision is to become the leading website in language learning.","og_url":"https:\/\/www.lingotop.com\/nb\/","og_site_name":"Lingotop","article_modified_time":"2025-06-26T09:09:23+00:00","og_image":[{"width":1200,"height":1200,"url":"https:\/\/www.lingotop.com\/wp-content\/uploads\/2024\/06\/language-learning.jpg?wsr","type":"image\/jpeg"}],"twitter_card":"summary_large_image","twitter_misc":{"Ansl. lesetid":"1 minutt"},"schema":{"@context":"https:\/\/schema.org","@graph":[{"@type":"WebPage","@id":"https:\/\/www.lingotop.com\/","url":"https:\/\/www.lingotop.com\/","name":"L\u00e6r et nytt spr\u00e5k p\u00e5 lingotop.com - Grammatikk, \u00f8velser osv.","isPartOf":{"@id":"https:\/\/www.lingotop.com\/en\/#website"},"primaryImageOfPage":{"@id":"https:\/\/www.lingotop.com\/#primaryimage"},"image":{"@id":"https:\/\/www.lingotop.com\/#primaryimage"},"thumbnailUrl":"https:\/\/www.lingotop.com\/wp-content\/uploads\/2024\/06\/language-learning-1024x1024.jpg","datePublished":"2015-08-04T12:26:51+00:00","dateModified":"2025-06-26T09:09:23+00:00","description":"For \u00f8yeblikket kan du l\u00e6re 10 nye spr\u00e5k p\u00e5 lingotop.com. V\u00e5r visjon er \u00e5 bli det ledende nettstedet for spr\u00e5koppl\u00e6ring.","breadcrumb":{"@id":"https:\/\/www.lingotop.com\/#breadcrumb"},"inLanguage":"nb-NO","potentialAction":[{"@type":"ReadAction","target":["https:\/\/www.lingotop.com\/"]}]},{"@type":"ImageObject","inLanguage":"nb-NO","@id":"https:\/\/www.lingotop.com\/#primaryimage","url":"https:\/\/www.lingotop.com\/wp-content\/uploads\/2024\/06\/language-learning-1024x1024.jpg","contentUrl":"https:\/\/www.lingotop.com\/wp-content\/uploads\/2024\/06\/language-learning-1024x1024.jpg"},{"@type":"BreadcrumbList","@id":"https:\/\/www.lingotop.com\/#breadcrumb","itemListElement":[{"@type":"ListItem","position":1,"name":"Home","item":"https:\/\/www.lingotop.com\/"},{"@type":"ListItem","position":2,"name":"Learn a new language"}]},{"@type":"WebSite","@id":"https:\/\/www.lingotop.com\/en\/#website","url":"https:\/\/www.lingotop.com\/en\/","name":"Lingotop","description":"L\u00e6r spr\u00e5k p\u00e5 nettet","publisher":{"@id":"https:\/\/www.lingotop.com\/en\/#organization"},"potentialAction":[{"@type":"SearchAction","target":{"@type":"EntryPoint","urlTemplate":"https:\/\/www.lingotop.com\/en\/?s={search_term_string}"},"query-input":{"@type":"PropertyValueSpecification","valueRequired":true,"valueName":"search_term_string"}}],"inLanguage":"nb-NO"},{"@type":"Organization","@id":"https:\/\/www.lingotop.com\/en\/#organization","name":"Lingotop","url":"https:\/\/www.lingotop.com\/en\/","logo":{"@type":"ImageObject","inLanguage":"nb-NO","@id":"https:\/\/www.lingotop.com\/en\/#\/schema\/logo\/image\/","url":"https:\/\/www.lingotop.com\/wp-content\/uploads\/2024\/03\/lingotop-logo-new.png?wsr","contentUrl":"https:\/\/www.lingotop.com\/wp-content\/uploads\/2024\/03\/lingotop-logo-new.png?wsr","width":989,"height":222,"caption":"Lingotop"},"image":{"@id":"https:\/\/www.lingotop.com\/en\/#\/schema\/logo\/image\/"}}]}},"_links":{"self":[{"href":"https:\/\/www.lingotop.com\/nb\/wp-json\/wp\/v2\/pages\/2","targetHints":{"allow":["GET"]}}],"collection":[{"href":"https:\/\/www.lingotop.com\/nb\/wp-json\/wp\/v2\/pages"}],"about":[{"href":"https:\/\/www.lingotop.com\/nb\/wp-json\/wp\/v2\/types\/page"}],"author":[{"embeddable":true,"href":"https:\/\/www.lingotop.com\/nb\/wp-json\/wp\/v2\/users\/1"}],"replies":[{"embeddable":true,"href":"https:\/\/www.lingotop.com\/nb\/wp-json\/wp\/v2\/comments?post=2"}],"version-history":[{"count":30,"href":"https:\/\/www.lingotop.com\/nb\/wp-json\/wp\/v2\/pages\/2\/revisions"}],"predecessor-version":[{"id":7960,"href":"https:\/\/www.lingotop.com\/nb\/wp-json\/wp\/v2\/pages\/2\/revisions\/7960"}],"wp:attachment":[{"href":"https:\/\/www.lingotop.com\/nb\/wp-json\/wp\/v2\/media?parent=2"}],"curies":[{"name":"wp","href":"https:\/\/api.w.org\/{rel}","templated":true}]}}