{"id":9489,"date":"2026-04-08T13:09:15","date_gmt":"2026-04-08T13:09:15","guid":{"rendered":"https:\/\/www.lingotop.com\/?page_id=9489"},"modified":"2026-04-09T12:34:54","modified_gmt":"2026-04-09T12:34:54","slug":"mondly-mosa","status":"publish","type":"page","link":"https:\/\/www.lingotop.com\/fi\/mondly-mosa","title":{"rendered":"Parhaat kieltenopiskeluvaihtoehdot"},"content":{"rendered":"<div class=\"funnel-page\">\n<p style=\"text-align: center;\" data-section-id=\"y7clb6\" data-start=\"65\" data-end=\"80\">T\u00e4ss\u00e4 ovat parhaat kieltenopiskelusovellukset, jotka perustuvat vastauksiisi:<\/p>\n<h2 style=\"text-align: center;\" data-section-id=\"y7clb6\" data-start=\"65\" data-end=\"80\">\ud83e\udd47 Mondly<\/h2>\n<p style=\"text-align: center;\" data-start=\"81\" data-end=\"316\">Mondly sopii sinulle, jos haluat hauskan, vuorovaikutteisen tavan oppia pienimuotoisilla oppitunneilla ja tosiel\u00e4m\u00e4n keskusteluilla. Se sopii t\u00e4ydellisesti taitojesi kehitt\u00e4miseen askel askeleelta mukaansatempaavalla tavalla.<\/p>\n<p style=\"text-align: center;\" data-start=\"81\" data-end=\"316\">Kokeile Mondlya nyt:<\/p>\n<p><a href=\"https:\/\/www.jdoqocy.com\/click-101207963-15705625\" target=\"_blank\" rel=\"nofollow noopener noreferrer\"><img decoding=\"async\" class=\"aligncenter wp-image-2964 size-full\" src=\"https:\/\/www.lingotop.com\/wp-content\/uploads\/2024\/07\/general-300x250-1.gif\" alt=\"\" width=\"300\" height=\"250\" \/><\/a><\/p>\n<p style=\"text-align: center;\"><a class=\"affbutton\" href=\"https:\/\/www.jdoqocy.com\/click-101207963-15705625\" target=\"_blank\" rel=\"nofollow noopener noreferrer\">Kokeile Mondlya nyt<\/a><\/p>\n<h2 style=\"text-align: center;\" data-section-id=\"1vzxfxq\" data-start=\"323\" data-end=\"352\">\ud83e\udd48 MosaLingua<\/h2>\n<p style=\"text-align: center;\" data-start=\"353\" data-end=\"590\" data-is-last-node=\"\" data-is-only-node=\"\">MosaLingua on ihanteellinen, jos haluat nopeaa ja tehokasta edistymist\u00e4 tieteeseen perustuvan oppimisen ja \u00e4lykk\u00e4iden toistotekniikoiden avulla. Se auttaa sinua muistamaan ja s\u00e4ilytt\u00e4m\u00e4\u00e4n sanastoa nopeasti hyvin keskittyneell\u00e4 l\u00e4hestymistavalla.<\/p>\n<p style=\"text-align: center;\" data-start=\"353\" data-end=\"590\" data-is-last-node=\"\" data-is-only-node=\"\">Kokeile MosaLingua ilmaiseksi nyt:<\/p>\n<p><a title=\"MosaLingua\" href=\"https:\/\/academy.mosalingua.com\/mosaweb\/?lang=en&ref=2000\" target=\"_blank\" rel=\"nofollow noopener noreferrer\"><img decoding=\"async\" id=\"creative_card_creative_modal_image\" class=\"aligncenter\" src=\"https:\/\/academy.mosalingua.com\/wp-content\/uploads\/2021\/06\/MosaLingua-Premium-V2-EN-1.jpg\" alt=\"MosaLingua\" width=\"500\" height=\"500\" \/><\/a><\/p>\n<\/div>","protected":false},"excerpt":{"rendered":"<p>Here are the best language learning apps based on your answers: \ud83e\udd47 Mondly Mondly is a great match for you if you want a fun, interactive way to learn with bite-sized lessons and real-life conversations. It\u2019s perfect for building your skills step by step in an engaging way. Try Mondly now: \ud83e\udd48 MosaLingua MosaLingua is &#8230; <a title=\"Parhaat kieltenopiskeluvaihtoehdot\" class=\"read-more\" href=\"https:\/\/www.lingotop.com\/fi\/mondly-mosa\" aria-label=\"Lue lis\u00e4\u00e4 aiheesta Your Best Language Learning Options\">Lue lis\u00e4\u00e4<\/a><\/p>","protected":false},"author":1,"featured_media":0,"parent":0,"menu_order":0,"comment_status":"closed","ping_status":"closed","template":"","meta":{"_acf_changed":false,"footnotes":""},"class_list":["post-9489","page","type-page","status-publish"],"acf":[],"yoast_head":"<!-- This site is optimized with the Yoast SEO plugin v27.3 - https:\/\/yoast.com\/product\/yoast-seo-wordpress\/ -->\n<title>Your Best Language Learning Options<\/title>\n<meta name=\"robots\" content=\"noindex, follow\" \/>\n<meta property=\"og:locale\" content=\"fi_FI\" \/>\n<meta property=\"og:type\" content=\"article\" \/>\n<meta property=\"og:title\" content=\"Your Best Language Learning Options\" \/>\n<meta property=\"og:description\" content=\"Here are the best language learning apps based on your answers: \ud83e\udd47 Mondly Mondly is a great match for you if you want a fun, interactive way to learn with bite-sized lessons and real-life conversations. It\u2019s perfect for building your skills step by step in an engaging way. Try Mondly now: \ud83e\udd48 MosaLingua MosaLingua is ... Lue lis\u00e4\u00e4\" \/>\n<meta property=\"og:url\" content=\"https:\/\/www.lingotop.com\/fi\/mondly-mosa\/\" \/>\n<meta property=\"og:site_name\" content=\"Lingotop\" \/>\n<meta property=\"article:modified_time\" content=\"2026-04-09T12:34:54+00:00\" \/>\n<meta property=\"og:image\" content=\"https:\/\/www.lingotop.com\/wp-content\/uploads\/2024\/07\/General-IT-300x250-1.gif\" \/>\n<meta name=\"twitter:card\" content=\"summary_large_image\" \/>\n<meta name=\"twitter:label1\" content=\"Arvioitu lukuaika\" \/>\n\t<meta name=\"twitter:data1\" content=\"6 minutes\" \/>\n<script type=\"application\/ld+json\" class=\"yoast-schema-graph\">{\"@context\":\"https:\\\/\\\/schema.org\",\"@graph\":[{\"@type\":\"WebPage\",\"@id\":\"https:\\\/\\\/www.lingotop.com\\\/mondly-mosa\",\"url\":\"https:\\\/\\\/www.lingotop.com\\\/mondly-mosa\",\"name\":\"Your Best Language Learning Options\",\"isPartOf\":{\"@id\":\"https:\\\/\\\/www.lingotop.com\\\/en\\\/#website\"},\"primaryImageOfPage\":{\"@id\":\"https:\\\/\\\/www.lingotop.com\\\/mondly-mosa#primaryimage\"},\"image\":{\"@id\":\"https:\\\/\\\/www.lingotop.com\\\/mondly-mosa#primaryimage\"},\"thumbnailUrl\":\"https:\\\/\\\/www.lingotop.com\\\/wp-content\\\/uploads\\\/2024\\\/07\\\/General-IT-300x250-1.gif\",\"datePublished\":\"2026-04-08T13:09:15+00:00\",\"dateModified\":\"2026-04-09T12:34:54+00:00\",\"breadcrumb\":{\"@id\":\"https:\\\/\\\/www.lingotop.com\\\/mondly-mosa#breadcrumb\"},\"inLanguage\":\"fi\",\"potentialAction\":[{\"@type\":\"ReadAction\",\"target\":[\"https:\\\/\\\/www.lingotop.com\\\/mondly-mosa\"]}]},{\"@type\":\"ImageObject\",\"inLanguage\":\"fi\",\"@id\":\"https:\\\/\\\/www.lingotop.com\\\/mondly-mosa#primaryimage\",\"url\":\"https:\\\/\\\/www.lingotop.com\\\/wp-content\\\/uploads\\\/2024\\\/07\\\/General-IT-300x250-1.gif\",\"contentUrl\":\"https:\\\/\\\/www.lingotop.com\\\/wp-content\\\/uploads\\\/2024\\\/07\\\/General-IT-300x250-1.gif\"},{\"@type\":\"BreadcrumbList\",\"@id\":\"https:\\\/\\\/www.lingotop.com\\\/mondly-mosa#breadcrumb\",\"itemListElement\":[{\"@type\":\"ListItem\",\"position\":1,\"name\":\"Home\",\"item\":\"https:\\\/\\\/www.lingotop.com\\\/\"},{\"@type\":\"ListItem\",\"position\":2,\"name\":\"Your Best Language Learning Options\"}]},{\"@type\":\"WebSite\",\"@id\":\"https:\\\/\\\/www.lingotop.com\\\/en\\\/#website\",\"url\":\"https:\\\/\\\/www.lingotop.com\\\/en\\\/\",\"name\":\"Lingotop\",\"description\":\"Learn languages online\",\"publisher\":{\"@id\":\"https:\\\/\\\/www.lingotop.com\\\/en\\\/#organization\"},\"potentialAction\":[{\"@type\":\"SearchAction\",\"target\":{\"@type\":\"EntryPoint\",\"urlTemplate\":\"https:\\\/\\\/www.lingotop.com\\\/en\\\/?s={search_term_string}\"},\"query-input\":{\"@type\":\"PropertyValueSpecification\",\"valueRequired\":true,\"valueName\":\"search_term_string\"}}],\"inLanguage\":\"fi\"},{\"@type\":\"Organization\",\"@id\":\"https:\\\/\\\/www.lingotop.com\\\/en\\\/#organization\",\"name\":\"Lingotop\",\"url\":\"https:\\\/\\\/www.lingotop.com\\\/en\\\/\",\"logo\":{\"@type\":\"ImageObject\",\"inLanguage\":\"fi\",\"@id\":\"https:\\\/\\\/www.lingotop.com\\\/en\\\/#\\\/schema\\\/logo\\\/image\\\/\",\"url\":\"https:\\\/\\\/www.lingotop.com\\\/wp-content\\\/uploads\\\/2024\\\/03\\\/lingotop-logo-new.png?wsr\",\"contentUrl\":\"https:\\\/\\\/www.lingotop.com\\\/wp-content\\\/uploads\\\/2024\\\/03\\\/lingotop-logo-new.png?wsr\",\"width\":989,\"height\":222,\"caption\":\"Lingotop\"},\"image\":{\"@id\":\"https:\\\/\\\/www.lingotop.com\\\/en\\\/#\\\/schema\\\/logo\\\/image\\\/\"}}]}<\/script>\n<!-- \/ Yoast SEO plugin. -->","yoast_head_json":{"title":"Parhaat kieltenopiskeluvaihtoehdot","robots":{"index":"noindex","follow":"follow"},"og_locale":"fi_FI","og_type":"article","og_title":"Your Best Language Learning Options","og_description":"Here are the best language learning apps based on your answers: \ud83e\udd47 Mondly Mondly is a great match for you if you want a fun, interactive way to learn with bite-sized lessons and real-life conversations. It\u2019s perfect for building your skills step by step in an engaging way. Try Mondly now: \ud83e\udd48 MosaLingua MosaLingua is ... Lue lis\u00e4\u00e4","og_url":"https:\/\/www.lingotop.com\/fi\/mondly-mosa\/","og_site_name":"Lingotop","article_modified_time":"2026-04-09T12:34:54+00:00","og_image":[{"url":"https:\/\/www.lingotop.com\/wp-content\/uploads\/2024\/07\/General-IT-300x250-1.gif","type":"","width":"","height":""}],"twitter_card":"summary_large_image","twitter_misc":{"Arvioitu lukuaika":"6 minutes"},"schema":{"@context":"https:\/\/schema.org","@graph":[{"@type":"WebPage","@id":"https:\/\/www.lingotop.com\/mondly-mosa","url":"https:\/\/www.lingotop.com\/mondly-mosa","name":"Parhaat kieltenopiskeluvaihtoehdot","isPartOf":{"@id":"https:\/\/www.lingotop.com\/en\/#website"},"primaryImageOfPage":{"@id":"https:\/\/www.lingotop.com\/mondly-mosa#primaryimage"},"image":{"@id":"https:\/\/www.lingotop.com\/mondly-mosa#primaryimage"},"thumbnailUrl":"https:\/\/www.lingotop.com\/wp-content\/uploads\/2024\/07\/General-IT-300x250-1.gif","datePublished":"2026-04-08T13:09:15+00:00","dateModified":"2026-04-09T12:34:54+00:00","breadcrumb":{"@id":"https:\/\/www.lingotop.com\/mondly-mosa#breadcrumb"},"inLanguage":"fi","potentialAction":[{"@type":"ReadAction","target":["https:\/\/www.lingotop.com\/mondly-mosa"]}]},{"@type":"ImageObject","inLanguage":"fi","@id":"https:\/\/www.lingotop.com\/mondly-mosa#primaryimage","url":"https:\/\/www.lingotop.com\/wp-content\/uploads\/2024\/07\/General-IT-300x250-1.gif","contentUrl":"https:\/\/www.lingotop.com\/wp-content\/uploads\/2024\/07\/General-IT-300x250-1.gif"},{"@type":"BreadcrumbList","@id":"https:\/\/www.lingotop.com\/mondly-mosa#breadcrumb","itemListElement":[{"@type":"ListItem","position":1,"name":"Home","item":"https:\/\/www.lingotop.com\/"},{"@type":"ListItem","position":2,"name":"Your Best Language Learning Options"}]},{"@type":"WebSite","@id":"https:\/\/www.lingotop.com\/en\/#website","url":"https:\/\/www.lingotop.com\/en\/","name":"Lingotop","description":"Opi kieli\u00e4 verkossa","publisher":{"@id":"https:\/\/www.lingotop.com\/en\/#organization"},"potentialAction":[{"@type":"SearchAction","target":{"@type":"EntryPoint","urlTemplate":"https:\/\/www.lingotop.com\/en\/?s={search_term_string}"},"query-input":{"@type":"PropertyValueSpecification","valueRequired":true,"valueName":"search_term_string"}}],"inLanguage":"fi"},{"@type":"Organization","@id":"https:\/\/www.lingotop.com\/en\/#organization","name":"Lingotop","url":"https:\/\/www.lingotop.com\/en\/","logo":{"@type":"ImageObject","inLanguage":"fi","@id":"https:\/\/www.lingotop.com\/en\/#\/schema\/logo\/image\/","url":"https:\/\/www.lingotop.com\/wp-content\/uploads\/2024\/03\/lingotop-logo-new.png?wsr","contentUrl":"https:\/\/www.lingotop.com\/wp-content\/uploads\/2024\/03\/lingotop-logo-new.png?wsr","width":989,"height":222,"caption":"Lingotop"},"image":{"@id":"https:\/\/www.lingotop.com\/en\/#\/schema\/logo\/image\/"}}]}},"_links":{"self":[{"href":"https:\/\/www.lingotop.com\/fi\/wp-json\/wp\/v2\/pages\/9489","targetHints":{"allow":["GET"]}}],"collection":[{"href":"https:\/\/www.lingotop.com\/fi\/wp-json\/wp\/v2\/pages"}],"about":[{"href":"https:\/\/www.lingotop.com\/fi\/wp-json\/wp\/v2\/types\/page"}],"author":[{"embeddable":true,"href":"https:\/\/www.lingotop.com\/fi\/wp-json\/wp\/v2\/users\/1"}],"replies":[{"embeddable":true,"href":"https:\/\/www.lingotop.com\/fi\/wp-json\/wp\/v2\/comments?post=9489"}],"version-history":[{"count":11,"href":"https:\/\/www.lingotop.com\/fi\/wp-json\/wp\/v2\/pages\/9489\/revisions"}],"predecessor-version":[{"id":9574,"href":"https:\/\/www.lingotop.com\/fi\/wp-json\/wp\/v2\/pages\/9489\/revisions\/9574"}],"wp:attachment":[{"href":"https:\/\/www.lingotop.com\/fi\/wp-json\/wp\/v2\/media?parent=9489"}],"curies":[{"name":"wp","href":"https:\/\/api.w.org\/{rel}","templated":true}]}}