{"id":3050,"date":"2024-07-09T13:00:05","date_gmt":"2024-07-09T13:00:05","guid":{"rendered":"https:\/\/www.lingotop.com\/?page_id=3050"},"modified":"2024-07-09T13:00:05","modified_gmt":"2024-07-09T13:00:05","slug":"italki","status":"publish","type":"page","link":"https:\/\/www.lingotop.com\/da\/italki","title":{"rendered":"iTalki"},"content":{"rendered":"<p>italki skiller sig ud som en f\u00f8rende platform, der tilbyder fleksible og personlige sprogindl\u00e6ringsoplevelser, der im\u00f8dekommer individuelle behov og tidsplaner. Her er et n\u00e6rmere kig p\u00e5, hvordan italki fungerer, og hvorfor det er blevet en p\u00e5lidelig ressource for millioner af brugere over hele verden.<\/p>\n<p style=\"text-align: center;\"><a class=\"affbutton\" href=\"https:\/\/www.italki.com\/affshare?ref=af23752510\" target=\"_blank\" rel=\"noopener nofollow\">Pr\u00f8v iTalki med en $10-rabat her<\/a><\/p>\n<p>&nbsp;<\/p>\n<h2>Tilpassede 1-til-1-lektioner<\/h2>\n<p>Kernen i italkis tilbud er de tilpassede en-til-en-lektioner. I mods\u00e6tning til traditionelle klassev\u00e6relser giver italki eleverne mulighed for at booke private lektioner med certificerede l\u00e6rere. Denne personlige tilgang sikrer, at hver lektion er skr\u00e6ddersyet til elevens specifikke m\u00e5l, hvad enten det drejer sig om at tale flydende, beherske grammatik eller forberede sig til sprogpr\u00f8ver.<\/p>\n<p>&nbsp;<\/p>\n<h3>Intet abonnement, ingen faste tidsplaner<\/h3>\n<p>En af de vigtigste egenskaber ved italki er dens fleksibilitet. Eleverne er ikke bundet af abonnementer eller strenge tidsplaner. I stedet kan man booke lektioner efter behov, s\u00e5 de passer ind i ens personlige skema. Denne pay-as-you-go-model betyder, at du kun betaler for de lektioner, du tager, hvilket g\u00f8r det til en omkostningseffektiv l\u00f8sning for mange.<\/p>\n<p style=\"text-align: center;\"><a class=\"affbutton\" href=\"https:\/\/www.italki.com\/affshare?ref=af23752510\" target=\"_blank\" rel=\"noopener nofollow\">Pr\u00f8v iTalki med en $10-rabat her<\/a><\/p>\n<p>&nbsp;<\/p>\n<h2>Et globalt f\u00e6llesskab af sprogindl\u00e6rere<\/h2>\n<p>italki er ikke bare en platform til at tage lektioner; det er et levende f\u00e6llesskab af sprogentusiaster fra hele verden. Dette f\u00e6llesskabsaspekt giver eleverne mulighed for at dele indl\u00e6g, modtage feedback og engagere sig med andre sprogelever. Uanset om du stiller et sp\u00f8rgsm\u00e5l, deler et tip til sprogindl\u00e6ring eller leder efter \u00f8velsespartnere, er italki-f\u00e6llesskabet en v\u00e6rdifuld ressource.<\/p>\n<p>&nbsp;<\/p>\n<h3>L\u00e6ringsv\u00e6rkt\u00f8jer til selvstudium<\/h3>\n<p>For dem, der foretr\u00e6kker selvstudier eller \u00f8nsker at supplere deres lektioner, tilbyder italki en r\u00e6kke l\u00e6ringsv\u00e6rkt\u00f8jer. Disse v\u00e6rkt\u00f8jer omfatter:<\/p>\n<ul>\n<li><strong>Ordforr\u00e5dss\u00e6t<\/strong>: Opdag nye ord og s\u00e6tninger for at udvide din sproglige viden.<\/li>\n<li><strong>Podcasts<\/strong>: Tr\u00e6n dit \u00f8re ved at lytte til modersm\u00e5lstalende, der diskuterer en r\u00e6kke forskellige emner.<\/li>\n<li><strong>Quizzer og opgaver<\/strong>: Test din forst\u00e5else og \u00f8v dig i at bruge sproget i forskellige sammenh\u00e6nge.<\/li>\n<\/ul>\n<p>&nbsp;<\/p>\n<h2>L\u00e6rere, der passer til dit budget og din tidsplan<\/h2>\n<p>En af udfordringerne ved at l\u00e6re sprog kan v\u00e6re at finde den rigtige l\u00e6rer. P\u00e5 italki fasts\u00e6tter l\u00e6rerne deres egne priser og tidsplaner, s\u00e5 du kan finde nogen, der passer til dit budget og din tilg\u00e6ngelighed. Du kan gennemse et marked af l\u00e6rere, som hver is\u00e6r tilbyder forskellige undervisningsstile og l\u00e6seplaner, hvilket sikrer, at du kan finde det perfekte match til din l\u00e6ringsstil og dine m\u00e5l.<\/p>\n<p>&nbsp;<\/p>\n<h3>\u00d8jeblikkelige lektioner til impulsive elever<\/h3>\n<p>For dem, der gerne vil i gang med at l\u00e6re sprog med det samme, tilbyder italki Instant Lessons. Det er pr\u00f8vetimer, som du kan booke p\u00e5 stedet, og som er perfekte til elever, der gerne vil starte deres sprogrejse med det samme.<\/p>\n<p>&nbsp;<\/p>\n<h2>Fleksibilitet i lektionernes l\u00e6ngde<\/h2>\n<p>I erkendelse af, at elever har forskellige tidsbegr\u00e6nsninger, tilbyder italki forskellige lektionsl\u00e6ngder. Uanset om du kun har 30 minutter i frokostpausen eller \u00f8nsker en omfattende session p\u00e5 90 minutter, kan du finde en lektionsl\u00e6ngde, der passer til din tidsplan. Denne fleksibilitet sikrer, at selv de travleste personer kan finde tid til at l\u00e6re et nyt sprog.<\/p>\n<p style=\"text-align: center;\"><a class=\"affbutton\" href=\"https:\/\/www.italki.com\/affshare?ref=af23752510\" target=\"_blank\" rel=\"noopener nofollow\">Pr\u00f8v iTalki med en $10-rabat her<\/a><\/p>","protected":false},"excerpt":{"rendered":"<p>italki skiller sig ud som en f\u00f8rende platform, der tilbyder fleksible og personlige sprogindl\u00e6ringsoplevelser, der im\u00f8dekommer individuelle behov og tidsplaner. Her er et n\u00e6rmere kig p\u00e5, hvordan italki fungerer, og hvorfor det er blevet en betroet ressource for millioner af brugere over hele verden. Pr\u00f8v iTalki med en $10-rabat her Tilpassede 1-til-1-lektioner Kernen ... <a title=\"iTalki\" class=\"read-more\" href=\"https:\/\/www.lingotop.com\/da\/italki\" aria-label=\"L\u00e6s mere om iTalki\">L\u00e6s mere <\/a><\/p>","protected":false},"author":1,"featured_media":0,"parent":0,"menu_order":0,"comment_status":"closed","ping_status":"closed","template":"","meta":{"_acf_changed":false,"footnotes":""},"class_list":["post-3050","page","type-page","status-publish"],"acf":[],"yoast_head":"<!-- This site is optimized with the Yoast SEO plugin v27.6 - https:\/\/yoast.com\/product\/yoast-seo-wordpress\/ -->\n<title>iTalki<\/title>\n<meta name=\"robots\" content=\"index, follow, max-snippet:-1, max-image-preview:large, max-video-preview:-1\" \/>\n<link rel=\"canonical\" href=\"https:\/\/www.lingotop.com\/da\/italki\/\" \/>\n<meta property=\"og:locale\" content=\"da_DK\" \/>\n<meta property=\"og:type\" content=\"article\" \/>\n<meta property=\"og:title\" content=\"iTalki\" \/>\n<meta property=\"og:description\" content=\"italki stands out as a premier platform, offering flexible and personalized language learning experiences that cater to individual needs and schedules. Here&#039;s a closer look at how italki operates and why it has become a trusted resource for millions of users worldwide. Try iTalki with a $10 discount here &nbsp; Customizable 1-on-1 Lessons The core ... L\u00e6s mere\" \/>\n<meta property=\"og:url\" content=\"https:\/\/www.lingotop.com\/da\/italki\/\" \/>\n<meta property=\"og:site_name\" content=\"Lingotop\" \/>\n<meta name=\"twitter:card\" content=\"summary_large_image\" \/>\n<meta name=\"twitter:label1\" content=\"Estimeret l\u00e6setid\" \/>\n\t<meta name=\"twitter:data1\" content=\"3 minutter\" \/>\n<script type=\"application\/ld+json\" class=\"yoast-schema-graph\">{\"@context\":\"https:\\\/\\\/schema.org\",\"@graph\":[{\"@type\":\"WebPage\",\"@id\":\"https:\\\/\\\/www.lingotop.com\\\/italki\",\"url\":\"https:\\\/\\\/www.lingotop.com\\\/italki\",\"name\":\"iTalki\",\"isPartOf\":{\"@id\":\"https:\\\/\\\/www.lingotop.com\\\/en\\\/#website\"},\"datePublished\":\"2024-07-09T13:00:05+00:00\",\"breadcrumb\":{\"@id\":\"https:\\\/\\\/www.lingotop.com\\\/italki#breadcrumb\"},\"inLanguage\":\"da-DK\",\"potentialAction\":[{\"@type\":\"ReadAction\",\"target\":[\"https:\\\/\\\/www.lingotop.com\\\/italki\"]}]},{\"@type\":\"BreadcrumbList\",\"@id\":\"https:\\\/\\\/www.lingotop.com\\\/italki#breadcrumb\",\"itemListElement\":[{\"@type\":\"ListItem\",\"position\":1,\"name\":\"Home\",\"item\":\"https:\\\/\\\/www.lingotop.com\\\/\"},{\"@type\":\"ListItem\",\"position\":2,\"name\":\"iTalki\"}]},{\"@type\":\"WebSite\",\"@id\":\"https:\\\/\\\/www.lingotop.com\\\/en\\\/#website\",\"url\":\"https:\\\/\\\/www.lingotop.com\\\/en\\\/\",\"name\":\"Lingotop\",\"description\":\"Learn languages online\",\"publisher\":{\"@id\":\"https:\\\/\\\/www.lingotop.com\\\/en\\\/#organization\"},\"potentialAction\":[{\"@type\":\"SearchAction\",\"target\":{\"@type\":\"EntryPoint\",\"urlTemplate\":\"https:\\\/\\\/www.lingotop.com\\\/en\\\/?s={search_term_string}\"},\"query-input\":{\"@type\":\"PropertyValueSpecification\",\"valueRequired\":true,\"valueName\":\"search_term_string\"}}],\"inLanguage\":\"da-DK\"},{\"@type\":\"Organization\",\"@id\":\"https:\\\/\\\/www.lingotop.com\\\/en\\\/#organization\",\"name\":\"Lingotop\",\"url\":\"https:\\\/\\\/www.lingotop.com\\\/en\\\/\",\"logo\":{\"@type\":\"ImageObject\",\"inLanguage\":\"da-DK\",\"@id\":\"https:\\\/\\\/www.lingotop.com\\\/en\\\/#\\\/schema\\\/logo\\\/image\\\/\",\"url\":\"https:\\\/\\\/www.lingotop.com\\\/wp-content\\\/uploads\\\/2024\\\/03\\\/lingotop-logo-new.png?wsr\",\"contentUrl\":\"https:\\\/\\\/www.lingotop.com\\\/wp-content\\\/uploads\\\/2024\\\/03\\\/lingotop-logo-new.png?wsr\",\"width\":989,\"height\":222,\"caption\":\"Lingotop\"},\"image\":{\"@id\":\"https:\\\/\\\/www.lingotop.com\\\/en\\\/#\\\/schema\\\/logo\\\/image\\\/\"}}]}<\/script>\n<!-- \/ Yoast SEO plugin. -->","yoast_head_json":{"title":"iTalki","robots":{"index":"index","follow":"follow","max-snippet":"max-snippet:-1","max-image-preview":"max-image-preview:large","max-video-preview":"max-video-preview:-1"},"canonical":"https:\/\/www.lingotop.com\/da\/italki\/","og_locale":"da_DK","og_type":"article","og_title":"iTalki","og_description":"italki stands out as a premier platform, offering flexible and personalized language learning experiences that cater to individual needs and schedules. Here's a closer look at how italki operates and why it has become a trusted resource for millions of users worldwide. Try iTalki with a $10 discount here &nbsp; Customizable 1-on-1 Lessons The core ... L\u00e6s mere","og_url":"https:\/\/www.lingotop.com\/da\/italki\/","og_site_name":"Lingotop","twitter_card":"summary_large_image","twitter_misc":{"Estimeret l\u00e6setid":"3 minutter"},"schema":{"@context":"https:\/\/schema.org","@graph":[{"@type":"WebPage","@id":"https:\/\/www.lingotop.com\/italki","url":"https:\/\/www.lingotop.com\/italki","name":"iTalki","isPartOf":{"@id":"https:\/\/www.lingotop.com\/en\/#website"},"datePublished":"2024-07-09T13:00:05+00:00","breadcrumb":{"@id":"https:\/\/www.lingotop.com\/italki#breadcrumb"},"inLanguage":"da-DK","potentialAction":[{"@type":"ReadAction","target":["https:\/\/www.lingotop.com\/italki"]}]},{"@type":"BreadcrumbList","@id":"https:\/\/www.lingotop.com\/italki#breadcrumb","itemListElement":[{"@type":"ListItem","position":1,"name":"Home","item":"https:\/\/www.lingotop.com\/"},{"@type":"ListItem","position":2,"name":"iTalki"}]},{"@type":"WebSite","@id":"https:\/\/www.lingotop.com\/en\/#website","url":"https:\/\/www.lingotop.com\/en\/","name":"Lingotop","description":"L\u00e6r sprog online","publisher":{"@id":"https:\/\/www.lingotop.com\/en\/#organization"},"potentialAction":[{"@type":"SearchAction","target":{"@type":"EntryPoint","urlTemplate":"https:\/\/www.lingotop.com\/en\/?s={search_term_string}"},"query-input":{"@type":"PropertyValueSpecification","valueRequired":true,"valueName":"search_term_string"}}],"inLanguage":"da-DK"},{"@type":"Organization","@id":"https:\/\/www.lingotop.com\/en\/#organization","name":"Lingotop","url":"https:\/\/www.lingotop.com\/en\/","logo":{"@type":"ImageObject","inLanguage":"da-DK","@id":"https:\/\/www.lingotop.com\/en\/#\/schema\/logo\/image\/","url":"https:\/\/www.lingotop.com\/wp-content\/uploads\/2024\/03\/lingotop-logo-new.png?wsr","contentUrl":"https:\/\/www.lingotop.com\/wp-content\/uploads\/2024\/03\/lingotop-logo-new.png?wsr","width":989,"height":222,"caption":"Lingotop"},"image":{"@id":"https:\/\/www.lingotop.com\/en\/#\/schema\/logo\/image\/"}}]}},"_links":{"self":[{"href":"https:\/\/www.lingotop.com\/da\/wp-json\/wp\/v2\/pages\/3050","targetHints":{"allow":["GET"]}}],"collection":[{"href":"https:\/\/www.lingotop.com\/da\/wp-json\/wp\/v2\/pages"}],"about":[{"href":"https:\/\/www.lingotop.com\/da\/wp-json\/wp\/v2\/types\/page"}],"author":[{"embeddable":true,"href":"https:\/\/www.lingotop.com\/da\/wp-json\/wp\/v2\/users\/1"}],"replies":[{"embeddable":true,"href":"https:\/\/www.lingotop.com\/da\/wp-json\/wp\/v2\/comments?post=3050"}],"version-history":[{"count":1,"href":"https:\/\/www.lingotop.com\/da\/wp-json\/wp\/v2\/pages\/3050\/revisions"}],"predecessor-version":[{"id":3051,"href":"https:\/\/www.lingotop.com\/da\/wp-json\/wp\/v2\/pages\/3050\/revisions\/3051"}],"wp:attachment":[{"href":"https:\/\/www.lingotop.com\/da\/wp-json\/wp\/v2\/media?parent=3050"}],"curies":[{"name":"wp","href":"https:\/\/api.w.org\/{rel}","templated":true}]}}